{"id":44,"date":"2026-04-07T01:22:00","date_gmt":"2026-04-07T01:22:00","guid":{"rendered":"https:\/\/chanchogamer.halimerkezi.xyz\/?page_id=44"},"modified":"2026-04-08T01:08:11","modified_gmt":"2026-04-08T01:08:11","slug":"politica-de-privacidad","status":"publish","type":"page","link":"https:\/\/chanchogamer.halimerkezi.xyz\/?page_id=44","title":{"rendered":"Pol\u00edtica de Privacidad"},"content":{"rendered":"\n<p>La direcci\u00f3n de nuestro sitio web es:<br><a href=\"https:\/\/chanchogamer.halimerkezi.xyz\/\">https:\/\/chanchogamer.halimerkezi.xyz\/<\/a><\/p>\n\n\n\n<p>En este sitio web respetamos la privacidad de los usuarios y nos comprometemos a proteger sus datos personales conforme a la normativa vigente y a las pol\u00edticas de Google AdSense.<\/p>\n\n\n\n<h2 class=\"wp-block-heading\">\u00bfQu\u00e9 datos personales recopilamos y por qu\u00e9?<\/h2>\n\n\n\n<h3 class=\"wp-block-heading\">Comentarios<\/h3>\n\n\n\n<p>Cuando los visitantes dejan comentarios en el sitio, recopilamos:<\/p>\n\n\n\n<ul class=\"wp-block-list\">\n<li>Los datos mostrados en el formulario de comentarios<\/li>\n\n\n\n<li>La direcci\u00f3n IP del usuario<\/li>\n\n\n\n<li>El agente de usuario del navegador<\/li>\n<\/ul>\n\n\n\n<p>Esto se realiza con el fin de detectar y prevenir spam.<\/p>\n\n\n\n<p>Una cadena an\u00f3nima (hash) generada a partir del correo electr\u00f3nico puede ser enviada al servicio Gravatar para verificar si el usuario lo utiliza. Tras la aprobaci\u00f3n del comentario, la imagen de perfil ser\u00e1 visible p\u00fablicamente.<\/p>\n\n\n\n<h3 class=\"wp-block-heading\">Medios<\/h3>\n\n\n\n<p>Si subes im\u00e1genes al sitio web, debes evitar incluir datos de ubicaci\u00f3n (GPS EXIF), ya que otros usuarios podr\u00edan extraer esa informaci\u00f3n.<\/p>\n\n\n\n<h3 class=\"wp-block-heading\">Formularios y Cookies<\/h3>\n\n\n\n<p>Si dejas un comentario en el sitio, puedes optar por guardar:<\/p>\n\n\n\n<ul class=\"wp-block-list\">\n<li>Nombre<\/li>\n\n\n\n<li>Correo electr\u00f3nico<\/li>\n\n\n\n<li>Sitio web<\/li>\n<\/ul>\n\n\n\n<p>Esto se almacena en cookies para facilitar futuras interacciones. Estas cookies pueden durar hasta un a\u00f1o.<\/p>\n\n\n\n<p>Cuando accedes al sitio:<\/p>\n\n\n\n<ul class=\"wp-block-list\">\n<li>Se puede crear una cookie temporal para verificar si tu navegador acepta cookies<\/li>\n\n\n\n<li>Al iniciar sesi\u00f3n (si aplica), se crean cookies para recordar tus datos y preferencias<\/li>\n<\/ul>\n\n\n\n<h2 class=\"wp-block-heading\">Contenido incrustado de otros sitios web<\/h2>\n\n\n\n<p>Los art\u00edculos de este sitio pueden incluir contenido incrustado (videos, im\u00e1genes, etc.).<\/p>\n\n\n\n<p>Estos contenidos se comportan como si el usuario visitara directamente el sitio externo, el cual puede:<\/p>\n\n\n\n<ul class=\"wp-block-list\">\n<li>Recopilar datos sobre el usuario<\/li>\n\n\n\n<li>Utilizar cookies<\/li>\n\n\n\n<li>Implementar seguimiento adicional<\/li>\n<\/ul>\n\n\n\n<p>Por ejemplo, contenido proveniente de plataformas como YouTube puede recopilar informaci\u00f3n seg\u00fan sus propias pol\u00edticas.<\/p>\n\n\n\n<h2 class=\"wp-block-heading\">\u00bfCu\u00e1nto tiempo conservamos tus datos?<\/h2>\n\n\n\n<ul class=\"wp-block-list\">\n<li>Los comentarios y sus metadatos se conservan indefinidamente<\/li>\n\n\n\n<li>Esto permite aprobar autom\u00e1ticamente comentarios futuros<\/li>\n<\/ul>\n\n\n\n<p>Para usuarios registrados (si aplica):<\/p>\n\n\n\n<ul class=\"wp-block-list\">\n<li>Se almacena la informaci\u00f3n personal en su perfil<\/li>\n\n\n\n<li>El usuario puede ver, editar o eliminar sus datos en cualquier momento<\/li>\n<\/ul>\n\n\n\n<h2 class=\"wp-block-heading\">\u00bfQu\u00e9 derechos tienes sobre tus datos?<\/h2>\n\n\n\n<p>Si has dejado comentarios o tienes una cuenta en este sitio, puedes:<\/p>\n\n\n\n<ul class=\"wp-block-list\">\n<li>Solicitar un archivo con tus datos personales<\/li>\n\n\n\n<li>Solicitar la eliminaci\u00f3n de tus datos<\/li>\n<\/ul>\n\n\n\n<p>Esto no incluye datos que debamos conservar por motivos legales, administrativos o de seguridad.<\/p>\n\n\n\n<h2 class=\"wp-block-heading\">\u00bfD\u00f3nde enviamos tus datos?<\/h2>\n\n\n\n<p>Los comentarios de los visitantes pueden ser revisados mediante sistemas autom\u00e1ticos de detecci\u00f3n de spam.<\/p>\n\n\n\n<p>Adem\u00e1s, este sitio puede utilizar herramientas de an\u00e1lisis como Google Analytics para entender el comportamiento de los usuarios de forma an\u00f3nima.<\/p>\n\n\n\n<h2 class=\"wp-block-heading\">Publicidad y uso de datos<\/h2>\n\n\n\n<p>Este sitio web utiliza servicios publicitarios como Google AdSense, que pueden usar cookies para mostrar anuncios personalizados basados en la navegaci\u00f3n del usuario.<\/p>\n\n\n\n<p>Google puede recopilar datos como:<\/p>\n\n\n\n<ul class=\"wp-block-list\">\n<li>P\u00e1ginas visitadas<\/li>\n\n\n\n<li>Interacciones con anuncios<\/li>\n\n\n\n<li>Informaci\u00f3n del dispositivo<\/li>\n<\/ul>\n\n\n\n<p>El usuario puede gestionar sus preferencias publicitarias directamente desde Google.<\/p>\n\n\n\n<h2 class=\"wp-block-heading\">Seguridad de los datos<\/h2>\n\n\n\n<p>Implementamos medidas de seguridad adecuadas para proteger la informaci\u00f3n personal de los usuarios.<\/p>\n\n\n\n<p>Sin embargo, ning\u00fan sistema en Internet es completamente seguro, por lo que no se puede garantizar una seguridad absoluta.<\/p>\n\n\n\n<h2 class=\"wp-block-heading\">Cambios en la pol\u00edtica de privacidad<\/h2>\n\n\n\n<p>Nos reservamos el derecho de modificar esta Pol\u00edtica de Privacidad en cualquier momento para adaptarla a cambios legales o t\u00e9cnicos.<\/p>\n\n\n\n<p>Se recomienda revisarla peri\u00f3dicamente.<\/p>\n\n\n\n<h2 class=\"wp-block-heading\">Contacto<\/h2>\n\n\n\n<p>Para cualquier duda sobre esta Pol\u00edtica de Privacidad, puedes contactar a trav\u00e9s de:<\/p>\n\n\n\n<p><strong><a href=\"https:\/\/chanchogamer.halimerkezi.xyz\/?page_id=40\" data-type=\"page\" data-id=\"40\">contacto<\/a><\/strong><\/p>\n\n\n\n<p><\/p>\n","protected":false},"excerpt":{"rendered":"<p>La direcci\u00f3n de nuestro sitio web es:https:\/\/chanchogamer.halimerkezi.xyz\/ En este sitio web respetamos la privacidad de los usuarios y nos comprometemos a proteger sus datos personales conforme a la normativa vigente&hellip;<\/p>\n","protected":false},"author":1,"featured_media":0,"parent":0,"menu_order":0,"comment_status":"closed","ping_status":"closed","template":"","meta":{"footnotes":""},"class_list":["post-44","page","type-page","status-publish","hentry"],"_links":{"self":[{"href":"https:\/\/chanchogamer.halimerkezi.xyz\/index.php?rest_route=\/wp\/v2\/pages\/44","targetHints":{"allow":["GET"]}}],"collection":[{"href":"https:\/\/chanchogamer.halimerkezi.xyz\/index.php?rest_route=\/wp\/v2\/pages"}],"about":[{"href":"https:\/\/chanchogamer.halimerkezi.xyz\/index.php?rest_route=\/wp\/v2\/types\/page"}],"author":[{"embeddable":true,"href":"https:\/\/chanchogamer.halimerkezi.xyz\/index.php?rest_route=\/wp\/v2\/users\/1"}],"replies":[{"embeddable":true,"href":"https:\/\/chanchogamer.halimerkezi.xyz\/index.php?rest_route=%2Fwp%2Fv2%2Fcomments&post=44"}],"version-history":[{"count":2,"href":"https:\/\/chanchogamer.halimerkezi.xyz\/index.php?rest_route=\/wp\/v2\/pages\/44\/revisions"}],"predecessor-version":[{"id":65,"href":"https:\/\/chanchogamer.halimerkezi.xyz\/index.php?rest_route=\/wp\/v2\/pages\/44\/revisions\/65"}],"wp:attachment":[{"href":"https:\/\/chanchogamer.halimerkezi.xyz\/index.php?rest_route=%2Fwp%2Fv2%2Fmedia&parent=44"}],"curies":[{"name":"wp","href":"https:\/\/api.w.org\/{rel}","templated":true}]}}